{"id":19380,"date":"2022-07-07T17:08:05","date_gmt":"2022-07-07T17:08:05","guid":{"rendered":"http:\/\/34.193.65.104\/register\/"},"modified":"2022-07-07T18:17:43","modified_gmt":"2022-07-07T18:17:43","slug":"register","status":"publish","type":"page","link":"https:\/\/www.peritoelectricista.net\/es\/register\/","title":{"rendered":"Register"},"content":{"rendered":"<div data-elementor-type=\"wp-page\" data-elementor-id=\"19380\" class=\"elementor elementor-19380\">\n\t\t\t\t\t\t<div class=\"elementor-inner\">\n\t\t\t\t<div class=\"elementor-section-wrap\">\n\t\t\t\t\t\t\t\t\t<section class=\"elementor-section elementor-top-section elementor-element elementor-element-47bf99db elementor-section-boxed elementor-section-height-default elementor-section-height-default sc_fly_static\" data-id=\"47bf99db\" data-element_type=\"section\">\n\t\t\t\t\t\t<div class=\"elementor-container elementor-column-gap-extended\">\n\t\t\t\t\t\t\t<div class=\"elementor-row\">\n\t\t\t\t\t<div class=\"elementor-column elementor-col-100 elementor-top-column elementor-element elementor-element-5bfa8742 sc_inner_width_none sc_content_align_inherit sc_layouts_column_icons_position_left sc_fly_static\" data-id=\"5bfa8742\" data-element_type=\"column\">\n\t\t\t<div class=\"elementor-column-wrap elementor-element-populated\">\n\t\t\t\t\t\t\t<div class=\"elementor-widget-wrap\">\n\t\t\t\t\t\t<div class=\"elementor-element elementor-element-4b641996 sc_fly_static elementor-widget elementor-widget-shortcode\" data-id=\"4b641996\" data-element_type=\"widget\" data-widget_type=\"shortcode.default\">\n\t\t\t\t<div class=\"elementor-widget-container\">\n\t\t\t\t\t<div class=\"elementor-shortcode\">\r\n<div class=\"um um-register um-19374\">\r\n\r\n\t<div class=\"um-form\" data-mode=\"register\">\r\n\r\n\t\t<form method=\"post\" action=\"\" data-trp-original-action=\"\">\r\n\r\n\t\t\t<div class=\"um-row _um_row_1\" style=\"margin: 0 0 30px 0;\"><div class=\"um-col-1\"><div  id=\"um_field_19374_first_name\" class=\"um-field um-field-text  um-field-first_name um-field-text um-field-type_text\" data-key=\"first_name\"><div class=\"um-field-label\"><label for=\"first_name-19374\">First Name<\/label><div class=\"um-clear\"><\/div><\/div><div class=\"um-field-area\"><input  autocomplete=\"off\" class=\"um-form-field valid\" type=\"text\" name=\"first_name-19374\" id=\"first_name-19374\" value=\"\" placeholder=\"\" data-validate=\"\" data-key=\"first_name\" \/>\n\n\t\t\t\t\t\t<\/div><\/div><div  id=\"um_field_19374_last_name\" class=\"um-field um-field-text  um-field-last_name um-field-text um-field-type_text\" data-key=\"last_name\"><div class=\"um-field-label\"><label for=\"last_name-19374\">Last Name<\/label><div class=\"um-clear\"><\/div><\/div><div class=\"um-field-area\"><input  autocomplete=\"off\" class=\"um-form-field valid\" type=\"text\" name=\"last_name-19374\" id=\"last_name-19374\" value=\"\" placeholder=\"\" data-validate=\"\" data-key=\"last_name\" \/>\n\n\t\t\t\t\t\t<\/div><\/div><div  id=\"um_field_19374_numero_licencia_perito\" class=\"um-field um-field-text  um-field-numero_licencia_perito um-field-text um-field-type_text\" data-key=\"numero_licencia_perito\"><div class=\"um-field-label\"><label for=\"numero_licencia_perito-19374\">Numero de Licencia Perito Electricista<\/label><span class=\"um-tip um-tip-w\" title=\"Numero de Certificado\"><i class=\"um-icon-help-circled\"><\/i><\/span><div class=\"um-clear\"><\/div><\/div><div class=\"um-field-area\"><input  autocomplete=\"off\" class=\"um-form-field valid\" type=\"text\" name=\"numero_licencia_perito-19374\" id=\"numero_licencia_perito-19374\" value=\"\" placeholder=\"\" data-validate=\"numeric\" data-key=\"numero_licencia_perito\" \/>\n\n\t\t\t\t\t\t<\/div><\/div><div  id=\"um_field_19374_user_email\" class=\"um-field um-field-text  um-field-user_email um-field-text um-field-type_text\" data-key=\"user_email\"><div class=\"um-field-label\"><label for=\"user_email-19374\">E-mail Address<\/label><div class=\"um-clear\"><\/div><\/div><div class=\"um-field-area\"><input  autocomplete=\"off\" class=\"um-form-field valid\" type=\"text\" name=\"user_email-19374\" id=\"user_email-19374\" value=\"\" placeholder=\"\" data-validate=\"unique_email\" data-key=\"user_email\" \/>\n\n\t\t\t\t\t\t<\/div><\/div><div  id=\"um_field_19374_phone_number\" class=\"um-field um-field-text  um-field-phone_number um-field-text um-field-type_text\" data-key=\"phone_number\"><div class=\"um-field-label\"><label for=\"phone_number-19374\">Phone Number<\/label><div class=\"um-clear\"><\/div><\/div><div class=\"um-field-area\"><input  autocomplete=\"off\" class=\"um-form-field valid not-required\" type=\"text\" name=\"phone_number-19374\" id=\"phone_number-19374\" value=\"\" placeholder=\"\" data-validate=\"phone_number\" data-key=\"phone_number\" \/>\n\n\t\t\t\t\t\t<\/div><\/div><div  id=\"um_field_19374_user_password\" class=\"um-field um-field-password  um-field-user_password um-field-password um-field-type_password\" data-key=\"user_password\"><div class=\"um-field-label\"><label for=\"user_password-19374\">Password<\/label><div class=\"um-clear\"><\/div><\/div><div class=\"um-field-area\"><input class=\"um-form-field valid\" type=\"password\" name=\"user_password-19374\" id=\"user_password-19374\" value=\"\" placeholder=\"\" data-validate=\"\" data-key=\"user_password\" \/>\n\n\t\t\t\t\t\t<\/div><\/div><div  id=\"um_field_19374_confirm_user_password\" class=\"um-field um-field-password  um-field-user_password um-field-password um-field-type_password\" data-key=\"confirm_user_password\"><div class=\"um-field-label\"><label for=\"confirm_user_password-19374\">Confirm Password<\/label><div class=\"um-clear\"><\/div><\/div><div class=\"um-field-area\"><input class=\"um-form-field valid\" type=\"password\" name=\"confirm_user_password-19374\" id=\"confirm_user_password-19374\" value=\"\" placeholder=\"Confirm Password\" data-validate=\"\" data-key=\"confirm_user_password\" \/><\/div><\/div><\/div><\/div>\r\n<!-- This file should primarily consist of HTML with a little bit of PHP. -->\r\n<div class=\"um-field um-field-type_terms_conditions\" data-key=\"use_terms_conditions_agreement\" style=\"display:block;padding:0;\">\r\n\t<div class=\"um-field-area\">\r\n\t\t<div class=\"um-gdpr-content\" style=\"display:none;\">\r\n\t\t\t<h5>1. Introducci\u00f3n<\/h5>\n<p>PeritoElectricista (direcci\u00f3n URL del sitio web: https:\/\/peritoelectricista.net) aprecia su negocio y confianza. Al utilizar nuestro sitio web usted esta de acuerdo con nuestra Pol\u00edtica de privacidad y da su consentimiento a los documentos para utilizar nuestros servicios.<\/p>\n<h5>2. Datos recopilados<\/h5>\n<h6>Ubicaci\u00f3n de almacenamiento de datos<\/h6>\n<p>Operamos servidores web alojados en Estados Unidos. Nuestro proveedor de alojamiento, Amazon Web Services (AWS), garantiza que sus datos se almacenen de forma segura y cumplan con las medidas de seguridad adecuadas. Para obtener m\u00e1s informaci\u00f3n sobre la pol\u00edtica de privacidad de Amazon Web Services, consulte aqu\u00ed: <a href=\"https:\/\/aws.amazon.com\/privacy\/\">Pol\u00edtica de privacidad de datos de Amazon Web Services (AWS)<\/a><\/p>\n<h6>Datos de Registro<\/h6>\n<p>Si se registra en nuestro sitio web, almacenamos su nombre, numero de perito electricista y su direcci\u00f3n de correo electr\u00f3nico y cualquier informaci\u00f3n personal adicional agregada a su perfil. Puede ver, editar o eliminar su informaci\u00f3n personal en cualquier momento. Los administradores del sitio web tambi\u00e9n pueden ver y editar esta informaci\u00f3n.<\/p>\n<h6>Comentarios<\/h6>\n<p>Cuando deja comentarios en el sitio web, recopilamos los datos que se muestran en el formulario de comentarios, y tambi\u00e9n la direcci\u00f3n IP y la cadena del agente de usuario del navegador para ayudar a la detecci\u00f3n de spam.<\/p>\n<h6>Formularios de Contacto<\/h6>\n<p>La informaci\u00f3n enviada a trav\u00e9s del formulario de contacto en nuestro sitio se env\u00eda al correo electr\u00f3nico de nuestra empresa, alojado por Google.<\/p>\n<p>Estos env\u00edos solo se conservan con fines de servicio al cliente, nunca se utilizan con fines de marketing ni se comparten con terceros.<\/p>\n<h6>Google Analytics<\/h6>\n<p>Usamos Google Analytics en nuestro sitio para informes an\u00f3nimos del uso del sitio. Por lo tanto, no se almacenan datos personalizados. Si desea optar por que Google Analytics no supervise su comportamiento en nuestro sitio web, utilice este enlace: Google Analytics Opt-out.<\/p>\n<h6>Casos para el Uso de los Datos Personales<\/h6>\n<p><strong>Utilizamos su informaci\u00f3n personal en los siguientes casos:<\/strong><\/p>\n<ul>\n<li>Verificaci\u00f3n\/identificaci\u00f3n del usuario durante el uso del sitio web;<br \/>proporcionar asistencia t\u00e9cnica;<\/li>\n<li>Env\u00edo de actualizaciones a nuestros usuarios con informaci\u00f3n importante para informar sobre novedades\/cambios;<\/li>\n<li>Comprobaci\u00f3n de la actividad de las cuentas para evitar transacciones fraudulentas y garantizar la seguridad. sobre la informaci\u00f3n personal de nuestros clientes;<\/li>\n<li>Personalizar el sitio web para que su experiencia sea m\u00e1s personal y atractiva;<\/li>\n<li>Garantice el desempe\u00f1o general y las funciones administrativas funcionen sin problemas.<\/li>\n<\/ul>\n<h5>3. Contenido incrustado<\/h5>\n<p>Las p\u00e1ginas de este sitio pueden incluir contenido incrustado, como videos de YouTube, por ejemplo. El contenido incrustado de otros sitios web se comporta exactamente de la misma manera que si visitara el otro sitio web.<\/p>\n<p>Estos sitios web pueden recopilar datos sobre usted, usar cookies, incrustar un seguimiento adicional de terceros y monitorear su interacci\u00f3n con ese contenido incrustado, incluido el seguimiento de su interacci\u00f3n con el contenido incrustado si tiene una cuenta y ha iniciado sesi\u00f3n en ese sitio web. A continuaci\u00f3n puede encontrar una lista de los servicios que utilizamos:<\/p>\n<h6>Facebook<\/h6>\n<p>El complemento de la p\u00e1gina de Facebook se utiliza para mostrar nuestra l\u00ednea de tiempo de Facebook en nuestro sitio. Facebook tiene sus propias pol\u00edticas de privacidad y cookies sobre las que no tenemos control. No hay instalaci\u00f3n de cookies de Facebook y su IP no se env\u00eda a un servidor de Facebook hasta que usted lo consiente. Consulte su pol\u00edtica de privacidad aqu\u00ed: <a href=\"https:\/\/www.facebook.com\/privacy\/\" target=\"_blank\" rel=\"noopener\">Facebook Privacy Policy <\/a>.<\/p>\n<h6>Twitter<\/h6>\n<p>Usamos la API de Twitter para mostrar la l\u00ednea de tiempo de nuestros tweets en nuestro sitio. Twitter tiene sus propias pol\u00edticas de privacidad y cookies sobre las que no tenemos control. Su IP no se env\u00eda a un servidor de Twitter hasta que usted lo autorice. Consulte su pol\u00edtica de privacidad aqu\u00ed: <a href=\"https:\/\/twitter.com\/privacy\" target=\"_blank\" rel=\"noopener\">Twitter Privacy Policy <\/a>.<\/p>\n<h6>Youtube<\/h6>\n<p>Usamos videos de YouTube incrustados en nuestro sitio. YouTube tiene sus propias pol\u00edticas de cookies y privacidad sobre las que no tenemos control. No hay instalaci\u00f3n de cookies de YouTube y tu IP no se env\u00eda a un servidor de YouTube hasta que lo consientes. Consulte su pol\u00edtica de privacidad aqu\u00ed: <a href=\"https:\/\/www.youtube.com\/static?template=privacy_guidelines\" target=\"_blank\" rel=\"noopener\">YouTube Privacy Policy<\/a>.<\/p>\n<h5>4. Cookies<\/h5>\n<p>Este sitio utiliza cookies, peque\u00f1os archivos de texto que se colocan en su m\u00e1quina para ayudar al sitio a brindar una mejor experiencia de usuario. En general, las cookies se utilizan para retener las preferencias del usuario, almacenar informaci\u00f3n para cosas como carritos de compras y proporcionar datos de seguimiento an\u00f3nimos a aplicaciones de terceros como Google Analytics. Las cookies generalmente existen para mejorar su experiencia de navegaci\u00f3n. Sin embargo, es posible que prefiera deshabilitar las cookies en este sitio y en otros. La forma m\u00e1s efectiva de hacer esto es deshabilitar las cookies en su navegador. Nota: la accion de desabilitar los cookies puede afectar el funcionamiento adecuado de peritoelectricista.net<\/p>\n<h5>5. Qui\u00e9n tiene acceso a sus datos<\/h5>\n<p>Si no es un cliente registrado en nuestro sitio, no hay informaci\u00f3n personal que podamos conservar o ver sobre usted. Si es un cliente con una cuenta registrada, se puede acceder a su informaci\u00f3n personal a trav\u00e9s de:<\/p>\n<ul>\n<li>Nuestros administradores del sistema.<\/li>\n<\/ul>\n<h5>6. Acceso de terceros a sus datos<\/h5>\n<p>No compartimos sus datos con terceros de manera que revelemos su informaci\u00f3n personal como correo electr\u00f3nico, nombre, etc. Las \u00fanicas excepciones a esa regla son para los socios con los que tenemos que compartir datos limitados para proporcionar los servicios que espera de nosotros.<\/p>\n<h5>7. Durante cu\u00e1nto tiempo conservamos sus datos<\/h5>\n<p>Si se registra en nuestro sitio web, almacenamos la informaci\u00f3n personal que proporciona en su perfil. Puede ver, editar o eliminar su informaci\u00f3n personal en cualquier momento. Los administradores del sitio web tambi\u00e9n pueden ver y editar esa informaci\u00f3n.<\/p>\n<h5>8. Medidas de seguridad<\/h5>\n<p>Usamos el protocolo SSL\/HTTPS en todo nuestro sitio. Esto encripta las comunicaciones de nuestros usuarios con los servidores para que la informaci\u00f3n de identificaci\u00f3n personal no sea capturada\/secuestrada por terceros sin autorizaci\u00f3n.<\/p>\n<p>En caso de una violaci\u00f3n de datos, los administradores del sistema tomar\u00e1n inmediatamente todos los pasos necesarios para garantizar la integridad del sistema, se comunicar\u00e1n con los usuarios afectados e intentar\u00e1n restablecer las contrase\u00f1as si es necesario.<\/p>\n<h5>9. Sus derechos de datos<\/h5>\n<h6>Derechos Generales<\/h6>\n<p>Si tiene una cuenta registrada en este sitio web o ha dejado comentarios, puede solicitar un archivo de exportaci\u00f3n de los datos personales que conservamos, incluidos los datos adicionales que nos haya proporcionado.<\/p>\n<p>Tambi\u00e9n puede solicitar que eliminemos cualquiera de los datos personales que hayamos almacenado. Esto no incluye ning\u00fan dato que estemos obligados a conservar con fines administrativos, legales o de seguridad. En resumen, no podemos borrar datos que son vitales para que usted sea un miembro activo (es decir, informaci\u00f3n b\u00e1sica de la cuenta, como el correo electr\u00f3nico).<br \/>Si desea que se borren todos sus datos, ya no podremos ofrecerle ning\u00fan soporte u otros servicios relacionados con nuestra portal digital.<\/p>\n<h5>10. Sitios web de terceros<\/h5>\n<p>PeritoElectricista.net puede publicar enlaces a sitios web de terceros en este sitio web. Estos sitios web de terceros no son evaluados por AncoraThemes para verificar el cumplimiento de la privacidad o la seguridad, y usted nos libera de cualquier responsabilidad por la conducta de estos sitios web de terceros. Todos los enlaces para compartir en redes sociales, ya sea que se muestren como enlaces de texto o \u00edconos de redes sociales, no lo conectan con ninguno de los terceros asociados a menos que haga clic expl\u00edcitamente en ellos.<\/p>\n<p>Tenga en cuenta que esta Pol\u00edtica de privacidad y cualquier otra pol\u00edtica vigente, adem\u00e1s de cualquier enmienda, no crea derechos exigibles por terceros ni requiere la divulgaci\u00f3n de ninguna informaci\u00f3n personal relacionada con los miembros del Servicio o el Sitio. AncoraThemes no se hace responsable de la informaci\u00f3n recopilada o utilizada por cualquier anunciante o sitio web de terceros. Revise la pol\u00edtica de privacidad y los t\u00e9rminos de servicio de cada sitio que visite a trav\u00e9s de enlaces de terceros.<\/p>\n<h5>11. Descargo de responsabilidad<\/h5>\n<p>No somos responsables por los servicios profesionales rendidos por los peritos electricistas incluidos en esta lista. Esta plataforma se constituy\u00f3 con el objetivo de facilitar al sector energ\u00e9tico y p\u00fablico en general nombres, identificaci\u00f3n y datos de contacto de peritos electricistas licenciados, autorizados por la Junta Examinadora de Peritos Electricistas de Puerto Rico para su pr\u00e1ctica profesional. Los peritos electricistas incorporados en esta lista han sido agregados por su expreso pedido, haci\u00e9ndose cada uno de \u00e9stos responsables por los servicios que prestan, no teniendo ning\u00fan tipo de v\u00ednculo laboral, comercial o de cualquier otra \u00edndole con los desarrolladores de este portal digital.<\/p>\n<p>SU ACCESO, USO, VISITA O LAS TRANSACCIONES REALIZADAS EN O A TRAV\u00c9S DE LOS CANALES O SERVICIOS, AS\u00cd COMO CUALQUIER DISPUTA RELACIONADO CON LA PRIVACIDAD DE SU INFORMACI\u00d3N, EST\u00c1 SUJETO A LO ESTABLECIDO EN ESTA POL\u00cdTICA DE PRIVACIDAD Y A LOS T\u00c9RMINOS Y CONDICIONES DE USO DE PERITOELECTRICISTA.NET, LO QUE INCLUYE PERO NO SE LIMITA A SELECCI\u00d3N DE FOROS, ACUERDOS DE INDEMNIZACI\u00d3N Y RELEVOS DE RESPONSABILIDAD ESTABLECIDOS EN LAS MISMAS.<\/p>\n\t\t<\/div>\r\n\r\n\t\t\r\n\t\t<a href=\"javascript:void(0);\" class=\"um-toggle-gdpr\" data-toggle-state=\"hidden\"\r\n\t\t   data-toggle-show=\"Mostrar pol\u00edtica de privacidad\"\r\n\t\t   data-toggle-hide=\"Ocultar pol\u00edtica de privacidad\">\r\n\t\t\tMostrar pol\u00edtica de privacidad\t\t<\/a>\r\n\t<\/div>\r\n\t<div class=\"um-field-area\">\r\n\r\n\t\t\r\n\t\t<label class=\"um-field-checkbox\">\r\n\t\t\t<input type=\"checkbox\" name=\"use_gdpr_agreement\" value=\"1\">\r\n\t\t\t<span class=\"um-field-checkbox-state\"><i class=\"um-icon-android-checkbox-outline-blank\"><\/i><\/span>\r\n\t\t\t<span class=\"um-field-checkbox-option\">Al crear una cuenta, acepto la Pol\u00edtica de Privacidad.<\/span>\r\n\t\t<\/label>\r\n\t\t<div class=\"um-clear\"><\/div>\r\n\r\n\t\t\r\n\t\t<div class=\"um-clear\"><\/div>\r\n\t<\/div>\r\n<\/div>\t\t<input type=\"hidden\" name=\"form_id\" id=\"form_id_19374\" value=\"19374\" \/>\r\n\t\r\n\t<p class=\"um_request_name\">\r\n\t\t<label for=\"um_request_19374\">Only fill in if you are not human<\/label>\r\n\t\t<input type=\"hidden\" name=\"um_request\" id=\"um_request_19374\" class=\"input\" value=\"\" size=\"25\" autocomplete=\"off\" \/>\r\n\t<\/p>\r\n\r\n\t<input type=\"hidden\" id=\"_wpnonce\" name=\"_wpnonce\" value=\"79eea4ba59\" \/><input type=\"hidden\" name=\"_wp_http_referer\" value=\"\/es\/wp-json\/wp\/v2\/pages\/19380\" \/>\n\t<div class=\"um-col-alt\">\n\n\t\t\n\t\t\t<div class=\"um-left um-half\">\n\t\t\t\t<input type=\"submit\" value=\"Register\" class=\"um-button\" id=\"um-submit-btn\" \/>\n\t\t\t<\/div>\n\t\t\t<div class=\"um-right um-half\">\n\t\t\t\t<a href=\"https:\/\/www.peritoelectricista.net\/es\/login\/\" class=\"um-button um-alt\">\n\t\t\t\t\tLogin\t\t\t\t<\/a>\n\t\t\t<\/div>\n\n\t\t\n\t\t<div class=\"um-clear\"><\/div>\n\n\t<\/div>\n\n\t\t\t\r\n\t\t<input type=\"hidden\" name=\"trp-form-language\" value=\"es\"\/><\/form>\r\n\r\n\t<\/div>\r\n\r\n<\/div><style type=\"text\/css\">\r\n.um-19374.um {\r\n\tmax-width: 450px;\r\n}<\/style>\r\n<\/div>\n\t\t\t\t<\/div>\n\t\t\t\t<\/div>\n\t\t\t\t\t\t<\/div>\n\t\t\t\t\t<\/div>\n\t\t<\/div>\n\t\t\t\t\t\t\t\t<\/div>\n\t\t\t\t\t<\/div>\n\t\t<\/section>\n\t\t\t\t\t\t\t\t\t<\/div>\n\t\t\t<\/div>\n\t\t\t\t\t<\/div>","protected":false},"excerpt":{"rendered":"","protected":false},"author":1,"featured_media":0,"parent":0,"menu_order":0,"comment_status":"closed","ping_status":"closed","template":"","meta":[],"_links":{"self":[{"href":"https:\/\/www.peritoelectricista.net\/es\/wp-json\/wp\/v2\/pages\/19380"}],"collection":[{"href":"https:\/\/www.peritoelectricista.net\/es\/wp-json\/wp\/v2\/pages"}],"about":[{"href":"https:\/\/www.peritoelectricista.net\/es\/wp-json\/wp\/v2\/types\/page"}],"author":[{"embeddable":true,"href":"https:\/\/www.peritoelectricista.net\/es\/wp-json\/wp\/v2\/users\/1"}],"replies":[{"embeddable":true,"href":"https:\/\/www.peritoelectricista.net\/es\/wp-json\/wp\/v2\/comments?post=19380"}],"version-history":[{"count":3,"href":"https:\/\/www.peritoelectricista.net\/es\/wp-json\/wp\/v2\/pages\/19380\/revisions"}],"predecessor-version":[{"id":19409,"href":"https:\/\/www.peritoelectricista.net\/es\/wp-json\/wp\/v2\/pages\/19380\/revisions\/19409"}],"wp:attachment":[{"href":"https:\/\/www.peritoelectricista.net\/es\/wp-json\/wp\/v2\/media?parent=19380"}],"curies":[{"name":"wp","href":"https:\/\/api.w.org\/{rel}","templated":true}]}}